{"id":104,"date":"2024-03-13T22:02:08","date_gmt":"2024-03-13T13:02:08","guid":{"rendered":"https:\/\/chinese.boo.jp\/school\/chinese_promenade\/?page_id=104"},"modified":"2024-03-13T22:02:48","modified_gmt":"2024-03-13T13:02:48","slug":"b_huihua_06","status":"publish","type":"page","link":"https:\/\/chinese.boo.jp\/school\/chinese_promenade\/b_huihua\/b_huihua_06.html","title":{"rendered":"\u57fa\u672c\u4f1a\u8a71 \u6642\u9593"},"content":{"rendered":"<h3>\u6642\u9593<\/h3>\n<div class=\"box_out\">\n<div class=\"box_in\">\n<table class=\"table_info\">\n<tbody>\n<tr>\n<td class=\"td_odd\" colspan=\"2\" align=\"right\">\n<p style=\"text-align: left;\">STEP1<\/p>\n<!--[if lt IE 9]><script>document.createElement('audio');<\/script><![endif]-->\n<audio class=\"wp-audio-shortcode\" id=\"audio-104-1\" preload=\"none\" style=\"width: 100%;\" controls=\"controls\"><source type=\"audio\/mpeg\" src=\"http:\/\/chinese.boo.jp\/school\/chinese_promenade\/wp-content\/uploads\/2024\/03\/b_huihua_06-1.mp3?_=1\" \/><a href=\"http:\/\/chinese.boo.jp\/school\/chinese_promenade\/wp-content\/uploads\/2024\/03\/b_huihua_06-1.mp3\">http:\/\/chinese.boo.jp\/school\/chinese_promenade\/wp-content\/uploads\/2024\/03\/b_huihua_06-1.mp3<\/a><\/audio>\n<p style=\"text-align: left;\">STEP2<\/p>\n<p><audio class=\"wp-audio-shortcode\" id=\"audio-104-2\" preload=\"none\" style=\"width: 100%;\" controls=\"controls\"><source type=\"audio\/mpeg\" src=\"http:\/\/chinese.boo.jp\/school\/chinese_promenade\/wp-content\/uploads\/2024\/03\/b_huihua_06-2.mp3?_=2\" \/><a href=\"http:\/\/chinese.boo.jp\/school\/chinese_promenade\/wp-content\/uploads\/2024\/03\/b_huihua_06-2.mp3\">http:\/\/chinese.boo.jp\/school\/chinese_promenade\/wp-content\/uploads\/2024\/03\/b_huihua_06-2.mp3<\/a><\/audio><\/td>\n<\/tr>\n<tr>\n<td class=\"td_head\" style=\"text-align: center;\" align=\"center\">\u4f1a\u8a71<\/td>\n<td class=\"td_head\" style=\"text-align: center;\" align=\"center\">\u610f\u5473<\/td>\n<\/tr>\n<tr>\n<td class=\"td_odd\">xi\u00e0n z\u00e0i j\u01d0 di\u01cen<br \/>\n\u73b0\u5728\u51e0\u70b9\uff1f<\/td>\n<td class=\"td_odd\">\u3044\u307e\u4f55\u6642\u3067\u3059\u304b\uff1f<\/td>\n<\/tr>\n<tr>\n<td class=\"td_odd\">xi\u00e0n z\u00e0i sh\u00ed di\u01cen<br \/>\n\u73b0\u5728\u5341\u70b9\u3002<\/td>\n<td class=\"td_odd\">\u3044\u307e\u306f\uff11\uff10\u6642\u3067\u3059\u3002<\/td>\n<\/tr>\n<tr>\n<td class=\"td_odd\">n\u01d0 zu\u00f2 j\u01d0 di\u01cen de di\u00e0n ch\u0113<br \/>\n\u4f60\u5750\u51e0\u70b9\u7684\u7535\u8f66\uff1f<\/td>\n<td class=\"td_odd\">\u4f55\u6642\u306e\u96fb\u8eca\u306b\u4e57\u308a\u307e\u3059\u304b\uff1f<\/td>\n<\/tr>\n<tr>\n<td class=\"td_odd\">w\u01d2 zu\u00f2 xi\u00e0 w\u01d4 li\u00f9 di\u01cen b\u00e0n de di\u00e0n ch\u0113<br \/>\n\u6211\u5750\u4e0b\u5348\u516d\u70b9\u534a\u7684\u7535\u8f66\u3002<\/td>\n<td class=\"td_odd\">\u5348\u5f8c\uff16\u6642\uff13\uff10\u5206\u306e\u96fb\u8eca\u306b\u4e57\u308a\u307e\u3059\u3002<\/td>\n<\/tr>\n<\/tbody>\n<\/table>\n<\/div>\n<\/div>\n","protected":false},"excerpt":{"rendered":"<p>\u6642\u9593 STEP1 http:\/\/chinese.boo.jp\/school\/chinese_promenade\/wp-content\/uploads\/2024\/03\/b_huihua_06-1.mp3 &#8230; <\/p>\n","protected":false},"author":1,"featured_media":0,"parent":91,"menu_order":0,"comment_status":"closed","ping_status":"closed","template":"","meta":{"footnotes":""},"class_list":["post-104","page","type-page","status-publish","hentry"],"_links":{"self":[{"href":"https:\/\/chinese.boo.jp\/school\/chinese_promenade\/wp-json\/wp\/v2\/pages\/104","targetHints":{"allow":["GET"]}}],"collection":[{"href":"https:\/\/chinese.boo.jp\/school\/chinese_promenade\/wp-json\/wp\/v2\/pages"}],"about":[{"href":"https:\/\/chinese.boo.jp\/school\/chinese_promenade\/wp-json\/wp\/v2\/types\/page"}],"author":[{"embeddable":true,"href":"https:\/\/chinese.boo.jp\/school\/chinese_promenade\/wp-json\/wp\/v2\/users\/1"}],"replies":[{"embeddable":true,"href":"https:\/\/chinese.boo.jp\/school\/chinese_promenade\/wp-json\/wp\/v2\/comments?post=104"}],"version-history":[{"count":4,"href":"https:\/\/chinese.boo.jp\/school\/chinese_promenade\/wp-json\/wp\/v2\/pages\/104\/revisions"}],"predecessor-version":[{"id":192,"href":"https:\/\/chinese.boo.jp\/school\/chinese_promenade\/wp-json\/wp\/v2\/pages\/104\/revisions\/192"}],"up":[{"embeddable":true,"href":"https:\/\/chinese.boo.jp\/school\/chinese_promenade\/wp-json\/wp\/v2\/pages\/91"}],"wp:attachment":[{"href":"https:\/\/chinese.boo.jp\/school\/chinese_promenade\/wp-json\/wp\/v2\/media?parent=104"}],"curies":[{"name":"wp","href":"https:\/\/api.w.org\/{rel}","templated":true}]}}